{"id":2,"date":"2023-12-08T14:39:57","date_gmt":"2023-12-08T13:39:57","guid":{"rendered":"https:\/\/musicfromchina.eu\/?page_id=2"},"modified":"2023-12-22T17:10:37","modified_gmt":"2023-12-22T16:10:37","slug":"program-2024","status":"publish","type":"page","link":"https:\/\/musicfromchina.eu\/en\/program-2024\/","title":{"rendered":"PROGRAM 2024"},"content":{"rendered":"<p>[et_pb_section fb_built=&#8221;1&#8243; _builder_version=&#8221;4.23.1&#8243; _module_preset=&#8221;default&#8221; background_color=&#8221;#8d0d1c&#8221; custom_padding=&#8221;33px|||||&#8221; global_colors_info=&#8221;{}&#8221;][et_pb_row _builder_version=&#8221;4.23.1&#8243; _module_preset=&#8221;default&#8221; locked=&#8221;off&#8221; global_colors_info=&#8221;{}&#8221;][et_pb_column type=&#8221;4_4&#8243; _builder_version=&#8221;4.23.1&#8243; _module_preset=&#8221;default&#8221; global_colors_info=&#8221;{}&#8221;][et_pb_text _builder_version=&#8221;4.23.1&#8243; _module_preset=&#8221;default&#8221; hover_enabled=&#8221;0&#8243; global_colors_info=&#8221;{}&#8221; sticky_enabled=&#8221;0&#8243;]<\/p>\n<h3><strong>PROGRAM 2024<br \/><\/strong><\/h3>\n<p>[\/et_pb_text][et_pb_divider _builder_version=&#8221;4.23.1&#8243; _module_preset=&#8221;default&#8221; custom_margin=&#8221;||-15px|||&#8221; custom_padding=&#8221;||0px|||&#8221; global_colors_info=&#8221;{}&#8221;][\/et_pb_divider][et_pb_text _builder_version=&#8221;4.23.1&#8243; _module_preset=&#8221;default&#8221; hover_enabled=&#8221;0&#8243; global_colors_info=&#8221;{}&#8221; sticky_enabled=&#8221;0&#8243;]<\/p>\n<p style=\"text-align: justify;\"><strong><\/strong><\/p>\n<p style=\"text-align: justify;\"><strong>About Dragon Year<\/strong><\/p>\n<p style=\"text-align: justify;\">&#8220;Dragon Year&#8221; typically refers to a year in the Chinese zodiac cycle that is associated with the Dragon. Each year in the Chinese zodiac is associated with one of twelve animals, and the Dragon is one of them. People born in a Dragon year are believed to have certain characteristics and traits associated with that zodiac sign. People born in the Year of the Dragon are considered to be courageous and confident, possessing strong leadership qualities, as well as being intelligent and wise. The Dragon Years are 1952, 1964, 1976, 1988, 2000, 2012, and 2024.<\/p>\n<p style=\"text-align: justify;\"><strong>About Program<\/strong><\/p>\n<p style=\"text-align: justify;\">&#8220;The Great Harmony of Heaven and Earth: Chinese Festivals&#8221; takes the starting point of the Chinese lunar New Year, the &#8220;Spring Festival,&#8221; as its beginning and uses time as its axis. It focuses on eight representative traditional Chinese festivals\u2014Spring Festival, Lantern Festival, Qingming Festival, Dragon Boat Festival, Qixi Festival, Mid-Autumn Festival, Double Ninth Festival, and Winter Solstice. This creative concert is a musical embodiment of the festive imagery, capturing the essence of each celebration through the power of music.&#8221;<\/p>\n<p>[\/et_pb_text][\/et_pb_column][\/et_pb_row][et_pb_row _builder_version=&#8221;4.23.1&#8243; _module_preset=&#8221;default&#8221; background_color=&#8221;#c8a16c&#8221; custom_margin=&#8221;||30px||false|false&#8221; custom_padding=&#8221;||50px||false|false&#8221; box_shadow_style=&#8221;preset1&#8243; locked=&#8221;off&#8221; global_colors_info=&#8221;{}&#8221;][et_pb_column type=&#8221;4_4&#8243; _builder_version=&#8221;4.23.1&#8243; _module_preset=&#8221;default&#8221; global_colors_info=&#8221;{}&#8221;][et_pb_text disabled_on=&#8221;off|off|off&#8221; _builder_version=&#8221;4.23.1&#8243; _module_preset=&#8221;default&#8221; text_text_color=&#8221;#000000&#8243; background_color=&#8221;RGBA(255,255,255,0)&#8221; text_orientation=&#8221;center&#8221; locked=&#8221;off&#8221; global_colors_info=&#8221;{}&#8221;]<\/p>\n<p><strong><\/strong><\/p>\n<p><strong>Organizer: Wu Promotion<\/strong><\/p>\n<p><strong>The 24th Grand Chinese New Year Concert<\/strong><\/p>\n<p><strong>China National Traditional Orchestra<\/strong><\/p>\n<p>&nbsp;<\/p>\n<p>[\/et_pb_text][et_pb_divider color=&#8221;rgba(0,0,0,0.23)&#8221; divider_position=&#8221;center&#8221; disabled_on=&#8221;off|off|off&#8221; _builder_version=&#8221;4.23.1&#8243; _module_preset=&#8221;default&#8221; width=&#8221;80%&#8221; module_alignment=&#8221;center&#8221; locked=&#8221;off&#8221; global_colors_info=&#8221;{}&#8221;][\/et_pb_divider][et_pb_text _builder_version=&#8221;4.23.1&#8243; _module_preset=&#8221;default&#8221; text_font=&#8221;||||||||&#8221; text_text_color=&#8221;#000000&#8243; text_orientation=&#8221;center&#8221; locked=&#8221;off&#8221; global_colors_info=&#8221;{}&#8221;]<\/p>\n<p><strong><\/strong><\/p>\n<p><strong>Dates \/ Conductors<\/strong><strong><\/strong><\/p>\n<p>[\/et_pb_text][et_pb_text _builder_version=&#8221;4.23.1&#8243; _module_preset=&#8221;default&#8221; text_text_color=&#8221;#000000&#8243; text_orientation=&#8221;center&#8221; global_colors_info=&#8221;{}&#8221;]<\/p>\n<p>2.2.2024 Wiener Konzerthaus &#8211; Vienna<br \/>6.2.2024 Elbphilharmonie &#8211; Hamburg<br \/>7.2.2024 Berliner Philharmonie &#8211; Berlin<br \/>Conductor: Li Xincao<\/p>\n<p>10.2.2024 Tonhalle D\u00fcsseldorf &#8211; D\u00fcsseldorf<br \/>12.2.2024 Warsaw Philharmonic &#8211; Warsaw<br \/>14.2.2024 Dresden Kulturpalast &#8211; Dresden<br \/>16.2.2024 M\u00fcpa Budapest &#8211; Budapest<br \/>Conductor: Liu Sha<\/p>\n<p>&nbsp;<\/p>\n<p>[\/et_pb_text][et_pb_divider color=&#8221;rgba(0,0,0,0.23)&#8221; disabled_on=&#8221;off|off|off&#8221; _builder_version=&#8221;4.23.1&#8243; _module_preset=&#8221;default&#8221; width=&#8221;80%&#8221; module_alignment=&#8221;center&#8221; locked=&#8221;off&#8221; global_colors_info=&#8221;{}&#8221;][\/et_pb_divider][\/et_pb_column][\/et_pb_row][et_pb_row _builder_version=&#8221;4.23.1&#8243; _module_preset=&#8221;default&#8221; background_color=&#8221;#c8a16c&#8221; custom_margin=&#8221;||||false|false&#8221; custom_padding=&#8221;50px||||false|false&#8221; box_shadow_style=&#8221;preset1&#8243; locked=&#8221;off&#8221; global_colors_info=&#8221;{}&#8221;][et_pb_column type=&#8221;4_4&#8243; _builder_version=&#8221;4.23.1&#8243; _module_preset=&#8221;default&#8221; global_colors_info=&#8221;{}&#8221;][et_pb_text _builder_version=&#8221;4.23.1&#8243; _module_preset=&#8221;default&#8221; text_text_color=&#8221;#000000&#8243; text_orientation=&#8221;center&#8221; global_colors_info=&#8221;{}&#8221;]<\/p>\n<p><strong>I Erste H\u00e4lfte<\/strong><\/p>\n<p>45 minutes<\/p>\n<table style=\"width: 95%; border-collapse: collapse; border-style: solid; margin-left: auto; margin-right: auto; height: 360px;\" border=\"0\">\n<tbody>\n<tr style=\"height: 96px;\">\n<td style=\"width: 53.2992%; border-style: hidden; text-align: right; height: 96px;\"><strong>The Great Harmony of Heaven and Earth \u2013 Overture<\/strong><br \/>Traditional Orchestra<\/td>\n<td style=\"width: 46.3686%; border-style: hidden; height: 96px;\">Composer: Hao Weiya<\/td>\n<\/tr>\n<tr style=\"height: 72px;\">\n<td style=\"width: 53.2992%; border-style: hidden; text-align: right; height: 72px;\"><strong>Lantern Festival: Lantern Viewing<br \/><\/strong>Traditional Ensemble<\/td>\n<td style=\"width: 46.3686%; border-style: hidden; height: 72px;\">Composer: Ma Jiuyue<br \/>Orchestration: Jin Fan<\/td>\n<\/tr>\n<tr style=\"height: 72px;\">\n<td style=\"width: 53.2992%; border-style: hidden; text-align: right; height: 72px;\"><strong>Qingming: Endless Yearning<br \/><\/strong>Traditional Orchestra<\/td>\n<td style=\"width: 46.3686%; border-style: hidden; height: 72px;\">Composer: Li Bochan<\/td>\n<\/tr>\n<tr style=\"height: 96px;\">\n<td style=\"width: 53.2992%; border-style: hidden; text-align: right; height: 96px;\"><strong>Dragon Boat Festival: Dragon Boat<\/strong><br \/>Plucked Instrument and Percussion<\/td>\n<td style=\"width: 46.3686%; border-style: hidden; height: 96px;\">Composer: Li Shangqian<\/td>\n<\/tr>\n<tr style=\"height: 24px;\">\n<td style=\"width: 53.2992%; border-style: hidden; text-align: right; height: 24px;\"><strong>Meeting on Qixi<br \/><\/strong>Erhu and Flute Concert<strong>o<\/strong><\/td>\n<td style=\"width: 46.3686%; border-style: hidden; height: 24px;\">Composer: Wang Yunfei<br \/>Erhu soloist: Duan Chao<br \/>Bamboo soloist: Ding Xiaokui<\/td>\n<\/tr>\n<\/tbody>\n<\/table>\n<p>Pause<br \/>15 Minuten<\/p>\n<p><strong><\/strong><\/p>\n<p><strong>II <\/strong><strong>Second Half<\/strong><\/p>\n<p>49 minutes<\/p>\n<p><strong><\/strong><\/p>\n<table style=\"width: 95%; border-collapse: collapse; border-style: solid; margin-left: auto; margin-right: auto;\" border=\"0\">\n<tbody>\n<tr>\n<td style=\"width: 53.4654%; border-style: hidden; text-align: right;\"><strong>Mid-Autumn Festival: Pale Clouds and Dancing Wind<\/strong><br \/>Traditional Orchestra<\/td>\n<td style=\"width: 46.5346%; border-style: hidden; text-align: left;\">Composer: Tang Feng, Linhai<br \/>Erhu Soloist: Tang Feng<\/td>\n<\/tr>\n<tr>\n<td style=\"width: 53.4654%; border-style: hidden; text-align: right;\"><strong>Double Ninth Festival: Flowing Water<br \/><\/strong>Ancient Melody<strong><br \/><\/strong><\/td>\n<td style=\"width: 46.5346%; border-style: hidden; text-align: left;\">Musical Score Arrangement: Gong Yi<br \/>Guqin:Yang Zhijian<\/td>\n<\/tr>\n<tr>\n<td style=\"width: 53.4654%; border-style: hidden; text-align: right;\"><strong>Winter Solstice: Blessing and Longevity<\/strong><\/td>\n<td style=\"width: 46.5346%; border-style: hidden; text-align: left;\">Composer: Zhao Cong<br \/>Pipa soloist: Zhao Cong<br \/>Orchestration: Yin Tianhu<\/td>\n<\/tr>\n<tr>\n<td style=\"width: 53.4654%; border-style: hidden; text-align: right;\"><strong>Spring Festival: National Wind<\/strong><br \/>Traditional Orchestra piece<\/td>\n<td style=\"width: 46.5346%; border-style: hidden; text-align: left;\">Composer: Zhao Jiping<\/td>\n<\/tr>\n<\/tbody>\n<\/table>\n<p>&nbsp;<\/p>\n<p>[\/et_pb_text][\/et_pb_column][\/et_pb_row][\/et_pb_section]<\/p>\n","protected":false},"excerpt":{"rendered":"<p>PROGRAM 2024 About Dragon Year &#8220;Dragon Year&#8221; typically refers to a year in the Chinese zodiac cycle that is associated with the Dragon. Each year in the Chinese zodiac is associated with one of twelve animals, and the Dragon is one of them. People born in a Dragon year are believed to have certain characteristics [&hellip;]<\/p>\n","protected":false},"author":1,"featured_media":0,"parent":0,"menu_order":0,"comment_status":"closed","ping_status":"closed","template":"","meta":{"_et_pb_use_builder":"on","_et_pb_old_content":"<!-- wp:paragraph -->\n<p>Dies ist eine Beispiel-Seite. Sie unterscheidet sich von Beitr\u00e4gen, da sie stets an derselben Stelle bleibt und (bei den meisten Themes) in der Website-Navigation angezeigt wird. Die meisten starten mit einem Impressum, der Datenschutzerkl\u00e4rung oder einer \u201e\u00dcber\u00a0uns\u201c-Seite, um sich potenziellen Besuchern der Website vorzustellen. Dort k\u00f6nnte zum Beispiel stehen:<\/p>\n<!-- \/wp:paragraph -->\n\n<!-- wp:quote -->\n<blockquote class=\"wp-block-quote\"><p>Hallo! Tags\u00fcber arbeite ich als Fahrradkurier, nachts bin ich ein aufstrebender Schauspieler und dies hier ist meine Website. Ich lebe in Berlin, habe einen gro\u00dfen Hund namens Jack, mag Pi&#241;a Coladas, jedoch weniger (ohne Schirm) im Regen stehen gelassen zu werden.<\/p><\/blockquote>\n<!-- \/wp:quote -->\n\n<!-- wp:paragraph -->\n<p>...\u00a0oder so etwas wie:<\/p>\n<!-- \/wp:paragraph -->\n\n<!-- wp:quote -->\n<blockquote class=\"wp-block-quote\"><p>Das Unternehmen XYZ wurde 1971 gegr\u00fcndet und versorgt die \u00d6ffentlichkeit seither mit qualitativ hochwertigen Produkten. An seinem Standort in einer kleinen Gro\u00dfstadt besch\u00e4ftigt der Betrieb \u00fcber 2.000 Menschen und unterst\u00fctzt die Stadtbewohner in vielfacher Hinsicht.<\/p><\/blockquote>\n<!-- \/wp:quote -->\n\n<!-- wp:paragraph -->\n<p>Als neuer WordPress-Benutzer solltest du <a href=\"https:\/\/musicfromchina.eu\/wp-admin\/\">dein Dashboard<\/a> aufrufen, um diese Seite zu l\u00f6schen und neue Seiten und Beitr\u00e4ge f\u00fcr deine Website erstellen. Viel Spa\u00df!<\/p>\n<!-- \/wp:paragraph -->","_et_gb_content_width":"","footnotes":""},"class_list":["post-2","page","type-page","status-publish","hentry"],"_links":{"self":[{"href":"https:\/\/musicfromchina.eu\/en\/wp-json\/wp\/v2\/pages\/2","targetHints":{"allow":["GET"]}}],"collection":[{"href":"https:\/\/musicfromchina.eu\/en\/wp-json\/wp\/v2\/pages"}],"about":[{"href":"https:\/\/musicfromchina.eu\/en\/wp-json\/wp\/v2\/types\/page"}],"author":[{"embeddable":true,"href":"https:\/\/musicfromchina.eu\/en\/wp-json\/wp\/v2\/users\/1"}],"replies":[{"embeddable":true,"href":"https:\/\/musicfromchina.eu\/en\/wp-json\/wp\/v2\/comments?post=2"}],"version-history":[{"count":34,"href":"https:\/\/musicfromchina.eu\/en\/wp-json\/wp\/v2\/pages\/2\/revisions"}],"predecessor-version":[{"id":899,"href":"https:\/\/musicfromchina.eu\/en\/wp-json\/wp\/v2\/pages\/2\/revisions\/899"}],"wp:attachment":[{"href":"https:\/\/musicfromchina.eu\/en\/wp-json\/wp\/v2\/media?parent=2"}],"curies":[{"name":"wp","href":"https:\/\/api.w.org\/{rel}","templated":true}]}}